{"id":1285,"date":"2023-03-17T18:59:18","date_gmt":"2023-03-17T18:59:18","guid":{"rendered":"https:\/\/aeromodelistasdechile.cl\/jl\/?page_id=1285"},"modified":"2023-03-17T19:31:46","modified_gmt":"2023-03-17T19:31:46","slug":"inicio","status":"publish","type":"page","link":"https:\/\/aeromodelistasdechile.cl\/jl\/","title":{"rendered":"Inicio"},"content":{"rendered":"\n<p>Esta es mi Web personal, en ella encontraras todo tipo de informaci\u00f3n en algunos temas y hobbies de mi d\u00eda a d\u00eda como son:<\/p>\n\n\n\n<ul>\n<li>Electr\u00f3nica.<\/li>\n\n\n\n<li>Electricidad.<\/li>\n\n\n\n<li>Dise\u00f1os 3D.<\/li>\n\n\n\n<li>Aeromodelismo.<\/li>\n\n\n\n<li>Fotograf\u00eda.<\/li>\n\n\n\n<li>Bons\u00e1i.<\/li>\n<\/ul>\n\n\n\n<p>Adem\u00e1s algunos archivos personales y recuerdos.<\/p>\n\n\n\n<p>Espero que algunos de mis art\u00edculos te sean de utilidad para un futuro desarrollo o simplemente te entretenga.<\/p>\n\n\n\n<p>Gracias por visitarme.<\/p>\n","protected":false},"excerpt":{"rendered":"<p>Esta es mi Web personal, en ella encontraras todo tipo de informaci\u00f3n en algunos temas y hobbies de mi d\u00eda a d\u00eda como son: Adem\u00e1s algunos archivos personales y recuerdos. Espero que algunos de mis art\u00edculos te sean de utilidad para un futuro desarrollo o simplemente te entretenga. Gracias por visitarme.<\/p>\n","protected":false},"author":1,"featured_media":0,"parent":0,"menu_order":0,"comment_status":"closed","ping_status":"closed","template":"","meta":{"ngg_post_thumbnail":0,"footnotes":""},"_links":{"self":[{"href":"https:\/\/aeromodelistasdechile.cl\/jl\/index.php\/wp-json\/wp\/v2\/pages\/1285"}],"collection":[{"href":"https:\/\/aeromodelistasdechile.cl\/jl\/index.php\/wp-json\/wp\/v2\/pages"}],"about":[{"href":"https:\/\/aeromodelistasdechile.cl\/jl\/index.php\/wp-json\/wp\/v2\/types\/page"}],"author":[{"embeddable":true,"href":"https:\/\/aeromodelistasdechile.cl\/jl\/index.php\/wp-json\/wp\/v2\/users\/1"}],"replies":[{"embeddable":true,"href":"https:\/\/aeromodelistasdechile.cl\/jl\/index.php\/wp-json\/wp\/v2\/comments?post=1285"}],"version-history":[{"count":2,"href":"https:\/\/aeromodelistasdechile.cl\/jl\/index.php\/wp-json\/wp\/v2\/pages\/1285\/revisions"}],"predecessor-version":[{"id":1318,"href":"https:\/\/aeromodelistasdechile.cl\/jl\/index.php\/wp-json\/wp\/v2\/pages\/1285\/revisions\/1318"}],"wp:attachment":[{"href":"https:\/\/aeromodelistasdechile.cl\/jl\/index.php\/wp-json\/wp\/v2\/media?parent=1285"}],"curies":[{"name":"wp","href":"https:\/\/api.w.org\/{rel}","templated":true}]}}