{"id":1299,"date":"2023-03-17T19:09:23","date_gmt":"2023-03-17T19:09:23","guid":{"rendered":"https:\/\/aeromodelistasdechile.cl\/jl\/?page_id=1299"},"modified":"2026-01-22T21:38:41","modified_gmt":"2026-01-22T21:38:41","slug":"fotografia","status":"publish","type":"page","link":"https:\/\/aeromodelistasdechile.cl\/jl\/index.php\/fotografia\/","title":{"rendered":"Fotograf\u00eda"},"content":{"rendered":"\n<p>Aqu\u00ed les dejo un resumen de este hermoso hobbie, fotograf\u00edas tomadas con diferentes c\u00e1maras y algunas con un Drone.<\/p>\n\n\n\n<ul>\n<li><strong><a href=\"https:\/\/aeromodelistasdechile.cl\/jl\/index.php\/astrografia\/\">Astrograf\u00eda<\/a> <\/strong>&#8211;  Recopilaci\u00f3n de fotograf\u00edas de nuestro universo.<\/li>\n<\/ul>\n\n\n\n<ul>\n<li><a href=\"https:\/\/aeromodelistasdechile.cl\/jl\/index.php\/cometa-c-2024-g3\/\"><strong>Cometa C\/2024 G3<\/strong><\/a> &#8211; 24 y 25 de Enero 2025 Valdivia &#8211; Chile.<\/li>\n<\/ul>\n\n\n\n<ul>\n<li><a href=\"https:\/\/aeromodelistasdechile.cl\/jl\/index.php\/cometa-c-2023-a3\/\"><strong>Cometa C\/2023 A3<\/strong><\/a> &#8211;  17 de Octubre 2024  Valdivia &#8211; Chile.<\/li>\n<\/ul>\n\n\n\n<ul>\n<li><a href=\"https:\/\/www.flickr.com\/photos\/145930253@N06\/albums\"><strong>Flickr<\/strong><\/a> &#8211; Fotograf\u00edas en Alta Calidad, diversos temas como retratos, paisajes, astrograf\u00eda y otros.<br><br><\/li>\n\n\n\n<li><a href=\"https:\/\/www.aeromodelistasdechile.cl\/jorgel\/Fotografia\/360\/index.html\"><strong>Fotograf\u00edas Panoramicas en 360\u00b0<\/strong><\/a> &#8211; Resumen de algunas fotograf\u00edas en 360\u00b0.<br><br><\/li>\n\n\n\n<li><a href=\"https:\/\/www.aeromodelistasdechile.cl\/jorgel\/Fotografia\/mcnaught\/index.htm\"><strong>Cometa McNaught.<\/strong><\/a> &#8211; Fotos de un gran cometa visible a simple vista a\u00f1o 2006.<br><br><\/li>\n\n\n\n<li><a href=\"https:\/\/aeromodelistasdechile.cl\/jl\/index.php\/bonsai-jlezana\/\"><strong>Bons\u00e1i de Jorge Lezana<\/strong><\/a> &nbsp;&#8211; Mi Colecci\u00f3n.<br><br><\/li>\n\n\n\n<li><a href=\"https:\/\/aeromodelistasdechile.cl\/jl\/index.php\/bonsai-cristian-soto\/\"><strong>Bons\u00e1i de Cristi\u00e1n Soto<\/strong><\/a> &#8211; Colecci\u00f3n de mi amigo Cristi\u00e1n.<\/li>\n<\/ul>\n","protected":false},"excerpt":{"rendered":"<p>Aqu\u00ed les dejo un resumen de este hermoso hobbie, fotograf\u00edas tomadas con diferentes c\u00e1maras y algunas con un Drone.<\/p>\n","protected":false},"author":1,"featured_media":0,"parent":0,"menu_order":0,"comment_status":"closed","ping_status":"closed","template":"","meta":{"ngg_post_thumbnail":0,"footnotes":""},"_links":{"self":[{"href":"https:\/\/aeromodelistasdechile.cl\/jl\/index.php\/wp-json\/wp\/v2\/pages\/1299"}],"collection":[{"href":"https:\/\/aeromodelistasdechile.cl\/jl\/index.php\/wp-json\/wp\/v2\/pages"}],"about":[{"href":"https:\/\/aeromodelistasdechile.cl\/jl\/index.php\/wp-json\/wp\/v2\/types\/page"}],"author":[{"embeddable":true,"href":"https:\/\/aeromodelistasdechile.cl\/jl\/index.php\/wp-json\/wp\/v2\/users\/1"}],"replies":[{"embeddable":true,"href":"https:\/\/aeromodelistasdechile.cl\/jl\/index.php\/wp-json\/wp\/v2\/comments?post=1299"}],"version-history":[{"count":9,"href":"https:\/\/aeromodelistasdechile.cl\/jl\/index.php\/wp-json\/wp\/v2\/pages\/1299\/revisions"}],"predecessor-version":[{"id":1894,"href":"https:\/\/aeromodelistasdechile.cl\/jl\/index.php\/wp-json\/wp\/v2\/pages\/1299\/revisions\/1894"}],"wp:attachment":[{"href":"https:\/\/aeromodelistasdechile.cl\/jl\/index.php\/wp-json\/wp\/v2\/media?parent=1299"}],"curies":[{"name":"wp","href":"https:\/\/api.w.org\/{rel}","templated":true}]}}