{"id":1301,"date":"2023-03-17T19:10:43","date_gmt":"2023-03-17T19:10:43","guid":{"rendered":"https:\/\/aeromodelistasdechile.cl\/jl\/?page_id=1301"},"modified":"2023-03-20T18:01:55","modified_gmt":"2023-03-20T18:01:55","slug":"servicios","status":"publish","type":"page","link":"https:\/\/aeromodelistasdechile.cl\/jl\/index.php\/servicios\/","title":{"rendered":"Servicios"},"content":{"rendered":"\n<p>Algunos de los Servicios que puedo prestar:<\/p>\n\n\n\n<ul>\n<li>Instalador el\u00e9ctrico Clase A.<br><\/li>\n\n\n\n<li>Medidas el\u00e9ctricas y electr\u00f3nicas.<br><\/li>\n\n\n\n<li>Asesor\u00edas en el \u00e1rea el\u00e9ctrica y electr\u00f3nica.<br><\/li>\n\n\n\n<li>Reparaciones electr\u00f3nicas.<br><\/li>\n\n\n\n<li>Armado y configuraci\u00f3n computadores.<br><\/li>\n\n\n\n<li>Dise\u00f1o de circuitos electr\u00f3nicos.<br><\/li>\n\n\n\n<li>Fotograf\u00eda profesional.<br><\/li>\n\n\n\n<li>Video y Fotograf\u00eda A\u00e9rea.<br><\/li>\n\n\n\n<li>Dise\u00f1ador WEB.<br><\/li>\n\n\n\n<li>Edici\u00f3n de fotos y videos.<br><\/li>\n\n\n\n<li>Dise\u00f1os de prototipos 3D.<br><\/li>\n\n\n\n<li>Impresi\u00f3n 3D.<br><\/li>\n\n\n\n<li>Corte y grabado L\u00e1ser de hasta 400 x 400 mm.<\/li>\n<\/ul>\n","protected":false},"excerpt":{"rendered":"<p>Algunos de los Servicios que puedo prestar:<\/p>\n","protected":false},"author":1,"featured_media":0,"parent":0,"menu_order":0,"comment_status":"closed","ping_status":"closed","template":"","meta":{"ngg_post_thumbnail":0,"footnotes":""},"_links":{"self":[{"href":"https:\/\/aeromodelistasdechile.cl\/jl\/index.php\/wp-json\/wp\/v2\/pages\/1301"}],"collection":[{"href":"https:\/\/aeromodelistasdechile.cl\/jl\/index.php\/wp-json\/wp\/v2\/pages"}],"about":[{"href":"https:\/\/aeromodelistasdechile.cl\/jl\/index.php\/wp-json\/wp\/v2\/types\/page"}],"author":[{"embeddable":true,"href":"https:\/\/aeromodelistasdechile.cl\/jl\/index.php\/wp-json\/wp\/v2\/users\/1"}],"replies":[{"embeddable":true,"href":"https:\/\/aeromodelistasdechile.cl\/jl\/index.php\/wp-json\/wp\/v2\/comments?post=1301"}],"version-history":[{"count":5,"href":"https:\/\/aeromodelistasdechile.cl\/jl\/index.php\/wp-json\/wp\/v2\/pages\/1301\/revisions"}],"predecessor-version":[{"id":1392,"href":"https:\/\/aeromodelistasdechile.cl\/jl\/index.php\/wp-json\/wp\/v2\/pages\/1301\/revisions\/1392"}],"wp:attachment":[{"href":"https:\/\/aeromodelistasdechile.cl\/jl\/index.php\/wp-json\/wp\/v2\/media?parent=1301"}],"curies":[{"name":"wp","href":"https:\/\/api.w.org\/{rel}","templated":true}]}}