{"id":1310,"date":"2023-03-17T19:26:58","date_gmt":"2023-03-17T19:26:58","guid":{"rendered":"https:\/\/aeromodelistasdechile.cl\/jl\/?page_id=1310"},"modified":"2023-03-17T19:36:52","modified_gmt":"2023-03-17T19:36:52","slug":"contacto","status":"publish","type":"page","link":"https:\/\/aeromodelistasdechile.cl\/jl\/index.php\/contacto\/","title":{"rendered":"Contacto"},"content":{"rendered":"\n<p>Para dudas o consultas, escr\u00edbame a mi correo:<\/p>\n\n\n\n<figure class=\"wp-block-image size-full\"><a href=\"mailto:jorgel@surnet.cl\"><img loading=\"lazy\" decoding=\"async\" width=\"126\" height=\"107\" src=\"https:\/\/aeromodelistasdechile.cl\/jl\/wp-content\/uploads\/2023\/03\/mail.png\" alt=\"\" class=\"wp-image-1311\"\/><\/a><\/figure>\n\n\n\n<p>Como tambi\u00e9n a trav\u00e9s de cualquiera de mis redes sociales mostradas en esta p\u00e1gina.<\/p>\n\n\n\n<p>Que tenga un buen d\u00eda y hasta pronto.<\/p>\n\n\n\n<p><\/p>\n","protected":false},"excerpt":{"rendered":"<p>Para dudas o consultas, escr\u00edbame a mi correo: Como tambi\u00e9n a trav\u00e9s de cualquiera de mis redes sociales mostradas en esta p\u00e1gina. Que tenga un buen d\u00eda y hasta pronto.<\/p>\n","protected":false},"author":1,"featured_media":0,"parent":0,"menu_order":0,"comment_status":"closed","ping_status":"closed","template":"","meta":{"ngg_post_thumbnail":0,"footnotes":""},"_links":{"self":[{"href":"https:\/\/aeromodelistasdechile.cl\/jl\/index.php\/wp-json\/wp\/v2\/pages\/1310"}],"collection":[{"href":"https:\/\/aeromodelistasdechile.cl\/jl\/index.php\/wp-json\/wp\/v2\/pages"}],"about":[{"href":"https:\/\/aeromodelistasdechile.cl\/jl\/index.php\/wp-json\/wp\/v2\/types\/page"}],"author":[{"embeddable":true,"href":"https:\/\/aeromodelistasdechile.cl\/jl\/index.php\/wp-json\/wp\/v2\/users\/1"}],"replies":[{"embeddable":true,"href":"https:\/\/aeromodelistasdechile.cl\/jl\/index.php\/wp-json\/wp\/v2\/comments?post=1310"}],"version-history":[{"count":6,"href":"https:\/\/aeromodelistasdechile.cl\/jl\/index.php\/wp-json\/wp\/v2\/pages\/1310\/revisions"}],"predecessor-version":[{"id":1324,"href":"https:\/\/aeromodelistasdechile.cl\/jl\/index.php\/wp-json\/wp\/v2\/pages\/1310\/revisions\/1324"}],"wp:attachment":[{"href":"https:\/\/aeromodelistasdechile.cl\/jl\/index.php\/wp-json\/wp\/v2\/media?parent=1310"}],"curies":[{"name":"wp","href":"https:\/\/api.w.org\/{rel}","templated":true}]}}