{"id":1325,"date":"2023-03-17T19:38:02","date_gmt":"2023-03-17T19:38:02","guid":{"rendered":"https:\/\/aeromodelistasdechile.cl\/jl\/?page_id=1325"},"modified":"2023-03-21T21:46:35","modified_gmt":"2023-03-21T21:46:35","slug":"nieve","status":"publish","type":"page","link":"https:\/\/aeromodelistasdechile.cl\/jl\/index.php\/nieve\/","title":{"rendered":"Nieve"},"content":{"rendered":"\n<p>Conocer este deporte blanco sin duda ha sido uno de los hobbies m\u00e1s emocionantes que he practicado, con rutas y paisajes sin palabras, compartirlo junto a la familia y amigos no tiene descripci\u00f3n alguna, hemos visitado alrededor de Valdivia varios centros de esqu\u00ed como son, <strong>C\u00f3rralco<\/strong>, <strong>Las Araucarias<\/strong>, <strong>Puc\u00f3n<\/strong>, <strong>Mocho-Choshuenco<\/strong>, <strong>Antillanca<\/strong> y <strong>Volc\u00e1n Osorno<\/strong>, y cada una de estas localidades nos presenta una variedad de condiciones maravillosas, les dejo aqu\u00ed una galer\u00eda de fotos, con algunos de estos gratos momentos vividos, que lo disfruten.<\/p>\n\n\n\nngg_shortcode_0_placeholder\n","protected":false},"excerpt":{"rendered":"<p>Conocer este deporte blanco sin duda ha sido uno de los hobbies m\u00e1s emocionantes que he practicado, con rutas y paisajes sin palabras, compartirlo junto a la familia y amigos no tiene descripci\u00f3n alguna, hemos visitado alrededor de Valdivia varios centros de esqu\u00ed como son, C\u00f3rralco, Las Araucarias, Puc\u00f3n, Mocho-Choshuenco, Antillanca y Volc\u00e1n Osorno, y cada una de estas localidades nos presenta una variedad de condiciones maravillosas, les dejo aqu\u00ed una galer\u00eda de fotos, con algunos de estos gratos momentos vividos, que lo disfruten.<\/p>\n","protected":false},"author":1,"featured_media":0,"parent":0,"menu_order":0,"comment_status":"closed","ping_status":"closed","template":"","meta":{"ngg_post_thumbnail":0,"footnotes":""},"_links":{"self":[{"href":"https:\/\/aeromodelistasdechile.cl\/jl\/index.php\/wp-json\/wp\/v2\/pages\/1325"}],"collection":[{"href":"https:\/\/aeromodelistasdechile.cl\/jl\/index.php\/wp-json\/wp\/v2\/pages"}],"about":[{"href":"https:\/\/aeromodelistasdechile.cl\/jl\/index.php\/wp-json\/wp\/v2\/types\/page"}],"author":[{"embeddable":true,"href":"https:\/\/aeromodelistasdechile.cl\/jl\/index.php\/wp-json\/wp\/v2\/users\/1"}],"replies":[{"embeddable":true,"href":"https:\/\/aeromodelistasdechile.cl\/jl\/index.php\/wp-json\/wp\/v2\/comments?post=1325"}],"version-history":[{"count":4,"href":"https:\/\/aeromodelistasdechile.cl\/jl\/index.php\/wp-json\/wp\/v2\/pages\/1325\/revisions"}],"predecessor-version":[{"id":1598,"href":"https:\/\/aeromodelistasdechile.cl\/jl\/index.php\/wp-json\/wp\/v2\/pages\/1325\/revisions\/1598"}],"wp:attachment":[{"href":"https:\/\/aeromodelistasdechile.cl\/jl\/index.php\/wp-json\/wp\/v2\/media?parent=1325"}],"curies":[{"name":"wp","href":"https:\/\/api.w.org\/{rel}","templated":true}]}}