{"id":1377,"date":"2023-03-20T12:02:35","date_gmt":"2023-03-20T12:02:35","guid":{"rendered":"https:\/\/aeromodelistasdechile.cl\/jl\/?page_id=1377"},"modified":"2023-03-20T12:56:32","modified_gmt":"2023-03-20T12:56:32","slug":"videos","status":"publish","type":"page","link":"https:\/\/aeromodelistasdechile.cl\/jl\/index.php\/videos\/","title":{"rendered":"Videos"},"content":{"rendered":"\n<p>Aqu\u00ed un resumen de los Videos mas destacados de mi canal de YouTube y Vimeo:<\/p>\n\n\n\n<p>Vuelo F.P.V. Sobre Valdivia.<\/p>\n\n\n\n<figure class=\"wp-block-embed is-type-video is-provider-youtube wp-block-embed-youtube wp-embed-aspect-16-9 wp-has-aspect-ratio\"><div class=\"wp-block-embed__wrapper\">\n<iframe loading=\"lazy\" title=\"F.P.V. 2018 Volando sobre Valdivia - Chile\" width=\"960\" height=\"540\" src=\"https:\/\/www.youtube.com\/embed\/KuEeuszb22c?feature=oembed\" frameborder=\"0\" allow=\"accelerometer; autoplay; clipboard-write; encrypted-media; gyroscope; picture-in-picture; web-share\" allowfullscreen><\/iframe>\n<\/div><\/figure>\n\n\n\n<div style=\"height:30px\" aria-hidden=\"true\" class=\"wp-block-spacer\"><\/div>\n\n\n\n<p>Un paseo por un hermoso lugar en Panguipulli llamado Jard\u00edn Coyam, de mi amigo Crisi\u00e1n Soto.<\/p>\n\n\n\n<figure class=\"wp-block-embed is-type-video is-provider-youtube wp-block-embed-youtube wp-embed-aspect-16-9 wp-has-aspect-ratio\"><div class=\"wp-block-embed__wrapper\">\n<iframe loading=\"lazy\" title=\"Jad\u00edn Coyam \u2013 Panguipulli \u2013 Chile\" width=\"960\" height=\"540\" src=\"https:\/\/www.youtube.com\/embed\/DodUHCqGLmQ?feature=oembed\" frameborder=\"0\" allow=\"accelerometer; autoplay; clipboard-write; encrypted-media; gyroscope; picture-in-picture; web-share\" allowfullscreen><\/iframe>\n<\/div><\/figure>\n\n\n\n<div style=\"height:30px\" aria-hidden=\"true\" class=\"wp-block-spacer\"><\/div>\n\n\n\n<p>Eclipse Total del 2020 en Chile, a pesar de no tener un d\u00eda Despejado desde el Aire se pudo apreciar como en cuesti\u00f3n de segundos, se nos fue completamente la luz, y a los dos minutos volvi\u00f3.<\/p>\n\n\n\n<figure class=\"wp-block-embed is-type-video is-provider-youtube wp-block-embed-youtube wp-embed-aspect-16-9 wp-has-aspect-ratio\"><div class=\"wp-block-embed__wrapper\">\n<iframe loading=\"lazy\" title=\"Eclipse 14 Diciembre 2020 Chile - Panguipulli\" width=\"960\" height=\"540\" src=\"https:\/\/www.youtube.com\/embed\/spWnOrDJcGw?feature=oembed\" frameborder=\"0\" allow=\"accelerometer; autoplay; clipboard-write; encrypted-media; gyroscope; picture-in-picture; web-share\" allowfullscreen><\/iframe>\n<\/div><\/figure>\n\n\n\n<div style=\"height:30px\" aria-hidden=\"true\" class=\"wp-block-spacer\"><\/div>\n\n\n\n<p>En la Nieve con los amigos, es de los tantos Videos disfrutando este espectacular Hobbie.<\/p>\n\n\n\n<figure class=\"wp-block-embed is-type-video is-provider-youtube wp-block-embed-youtube wp-embed-aspect-16-9 wp-has-aspect-ratio\"><div class=\"wp-block-embed__wrapper\">\n<iframe loading=\"lazy\" title=\"Antillanca 2017- 2019 por AR, FR, DL, JL\" width=\"960\" height=\"540\" src=\"https:\/\/www.youtube.com\/embed\/tOyVACi8txg?feature=oembed\" frameborder=\"0\" allow=\"accelerometer; autoplay; clipboard-write; encrypted-media; gyroscope; picture-in-picture; web-share\" allowfullscreen><\/iframe>\n<\/div><\/figure>\n\n\n\n<div style=\"height:30px\" aria-hidden=\"true\" class=\"wp-block-spacer\"><\/div>\n\n\n\n<p>Vibraciones es un peque\u00f1o demo tocado con el Electro HandPan, un instrumento creado por m\u00ed en homenaje a el Hang de Panart.<\/p>\n\n\n\n<figure class=\"wp-block-embed is-type-video is-provider-youtube wp-block-embed-youtube wp-embed-aspect-16-9 wp-has-aspect-ratio\"><div class=\"wp-block-embed__wrapper\">\n<iframe loading=\"lazy\" title=\"&quot;Vibraciones&quot; Primeros Sonidos de mi Electro-Hang V2.0\" width=\"960\" height=\"540\" src=\"https:\/\/www.youtube.com\/embed\/Pc2JuRbH_y4?feature=oembed\" frameborder=\"0\" allow=\"accelerometer; autoplay; clipboard-write; encrypted-media; gyroscope; picture-in-picture; web-share\" allowfullscreen><\/iframe>\n<\/div><\/figure>\n\n\n\n<div style=\"height:30px\" aria-hidden=\"true\" class=\"wp-block-spacer\"><\/div>\n\n\n\n<p>Proyecto Centinela, una aeronave encargada de monitorear, este fue su primer vuelo de pruebas en donde fui el piloto.<\/p>\n\n\n\n<figure class=\"wp-block-embed is-type-video is-provider-youtube wp-block-embed-youtube wp-embed-aspect-16-9 wp-has-aspect-ratio\"><div class=\"wp-block-embed__wrapper\">\n<iframe loading=\"lazy\" title=\"Centinela &quot;Pruebas de Vuelo&quot;\" width=\"960\" height=\"540\" src=\"https:\/\/www.youtube.com\/embed\/ibXkyoEPHgs?feature=oembed\" frameborder=\"0\" allow=\"accelerometer; autoplay; clipboard-write; encrypted-media; gyroscope; picture-in-picture; web-share\" allowfullscreen><\/iframe>\n<\/div><\/figure>\n\n\n\n<div style=\"height:30px\" aria-hidden=\"true\" class=\"wp-block-spacer\"><\/div>\n\n\n\n<p>Volando el Jak54 Indoor, para mi uno de los mejores entrenadores para maniobras 3D.<\/p>\n\n\n\n<figure class=\"wp-block-embed is-type-video is-provider-youtube wp-block-embed-youtube wp-embed-aspect-4-3 wp-has-aspect-ratio\"><div class=\"wp-block-embed__wrapper\">\n<iframe loading=\"lazy\" title=\"Yak54 de Ikarus - Recuerdo del 2006\" width=\"960\" height=\"720\" src=\"https:\/\/www.youtube.com\/embed\/iI_Qbl24qrc?feature=oembed\" frameborder=\"0\" allow=\"accelerometer; autoplay; clipboard-write; encrypted-media; gyroscope; picture-in-picture; web-share\" allowfullscreen><\/iframe>\n<\/div><\/figure>\n\n\n\n<div style=\"height:30px\" aria-hidden=\"true\" class=\"wp-block-spacer\"><\/div>\n\n\n\n<p>Un demo tocando mi Electro HandPan, ya en su versi\u00f3n 4.5.<\/p>\n\n\n\n<figure class=\"wp-block-embed is-type-video is-provider-youtube wp-block-embed-youtube wp-embed-aspect-16-9 wp-has-aspect-ratio\"><div class=\"wp-block-embed__wrapper\">\n<iframe loading=\"lazy\" title=\"Cover N\u00b01 Electro HandPan v4\" width=\"960\" height=\"540\" src=\"https:\/\/www.youtube.com\/embed\/DhmywtinjZI?feature=oembed\" frameborder=\"0\" allow=\"accelerometer; autoplay; clipboard-write; encrypted-media; gyroscope; picture-in-picture; web-share\" allowfullscreen><\/iframe>\n<\/div><\/figure>\n\n\n\n<div style=\"height:30px\" aria-hidden=\"true\" class=\"wp-block-spacer\"><\/div>\n\n\n\n<p>Test Arpa L\u00e1ser, un instrumento Midi que se toca con las manos, uno de mis \u00faltimos proyectos.<\/p>\n\n\n\n<figure class=\"wp-block-embed is-type-video is-provider-youtube wp-block-embed-youtube wp-embed-aspect-16-9 wp-has-aspect-ratio\"><div class=\"wp-block-embed__wrapper\">\n<iframe loading=\"lazy\" title=\"Arpa L\u00e1ser Test Audio N\u00b01  5 de 6\" width=\"960\" height=\"540\" src=\"https:\/\/www.youtube.com\/embed\/GgwTcwgXoE0?feature=oembed\" frameborder=\"0\" allow=\"accelerometer; autoplay; clipboard-write; encrypted-media; gyroscope; picture-in-picture; web-share\" allowfullscreen><\/iframe>\n<\/div><\/figure>\n\n\n\n<div style=\"height:30px\" aria-hidden=\"true\" class=\"wp-block-spacer\"><\/div>\n\n\n\n<p>En los Inicios del 2008 cuando se comenz\u00f3 a volar F.P.V. usaba un modelo llamado EasyStar, muchas horas de vuelo, y m\u00e1s de alg\u00fan chascarro como este pas\u00f3.<\/p>\n\n\n\n<figure class=\"wp-block-embed is-type-video is-provider-vimeo wp-block-embed-vimeo wp-embed-aspect-4-3 wp-has-aspect-ratio\"><div class=\"wp-block-embed__wrapper\">\n<iframe loading=\"lazy\" title=\"El rescate del Come Hojas\" src=\"https:\/\/player.vimeo.com\/video\/16115014?h=ea94a75431&amp;dnt=1&amp;app_id=122963\" width=\"600\" height=\"448\" frameborder=\"0\" allow=\"autoplay; fullscreen; picture-in-picture\" allowfullscreen><\/iframe>\n<\/div><\/figure>\n\n\n\n<div style=\"height:30px\" aria-hidden=\"true\" class=\"wp-block-spacer\"><\/div>\n\n\n\n<p>Un Premio al Mejor Video de F.P.V. Realizado en Espa\u00f1a el 2009, el cual fue m\u00e1s votado a nivel mundial en esta \u00e1rea.<\/p>\n\n\n\n<figure class=\"wp-block-embed is-type-video is-provider-vimeo wp-block-embed-vimeo wp-embed-aspect-4-3 wp-has-aspect-ratio\"><div class=\"wp-block-embed__wrapper\">\n<iframe loading=\"lazy\" title=\"Entre las Nubes 1&amp;ordm; Premio Mejor Video FPV 2009 Espa&amp;ntilde;a\" src=\"https:\/\/player.vimeo.com\/video\/14696567?h=f7dae90034&amp;dnt=1&amp;app_id=122963\" width=\"640\" height=\"480\" frameborder=\"0\" allow=\"autoplay; fullscreen; picture-in-picture\" allowfullscreen><\/iframe>\n<\/div><\/figure>\n\n\n\n<div style=\"height:30px\" aria-hidden=\"true\" class=\"wp-block-spacer\"><\/div>\n\n\n\n<p>Uno de los m\u00e1s hermosos vuelos en F.P.V. Volando Junto a mi Gran Amigo y Junta, Jaime Cofre, por alrededor de la pista del Club de Aeromodelismo Valdivia.<\/p>\n\n\n\n<figure class=\"wp-block-embed is-type-video is-provider-vimeo wp-block-embed-vimeo wp-embed-aspect-4-3 wp-has-aspect-ratio\"><div class=\"wp-block-embed__wrapper\">\n<iframe loading=\"lazy\" title=\"Vuelo en Formacion\" src=\"https:\/\/player.vimeo.com\/video\/9884909?h=37b8131eee&amp;dnt=1&amp;app_id=122963\" width=\"640\" height=\"480\" frameborder=\"0\" allow=\"autoplay; fullscreen; picture-in-picture\" allowfullscreen><\/iframe>\n<\/div><\/figure>\n\n\n\n<div style=\"height:30px\" aria-hidden=\"true\" class=\"wp-block-spacer\"><\/div>\n\n\n\n<p>Volando en Llifen realizado por el 2010, fue uno de los vuelos m\u00e1s espectaculares, realizados en F.P.V. con el Modelo EasyStar, ascendiendo a casi 1200Mts de Altura por la fuerte corrientes ascendentes del lugar, la vista es simplemente Hermosa.<\/p>\n\n\n\n<figure class=\"wp-block-embed is-type-video is-provider-youtube wp-block-embed-youtube wp-embed-aspect-4-3 wp-has-aspect-ratio\"><div class=\"wp-block-embed__wrapper\">\n<iframe loading=\"lazy\" title=\"Volando sobre el Lago Ranco en Llifen (Futrono)\" width=\"960\" height=\"720\" src=\"https:\/\/www.youtube.com\/embed\/Lel93cgBnp0?feature=oembed\" frameborder=\"0\" allow=\"accelerometer; autoplay; clipboard-write; encrypted-media; gyroscope; picture-in-picture; web-share\" allowfullscreen><\/iframe>\n<\/div><\/figure>\n\n\n\n<div style=\"height:30px\" aria-hidden=\"true\" class=\"wp-block-spacer\"><\/div>\n\n\n\n<p>Que los Disfruten!!!!<\/p>\n","protected":false},"excerpt":{"rendered":"<p>Aqu\u00ed un resumen de los Videos mas destacados de mi canal de YouTube y Vimeo: Vuelo F.P.V. Sobre Valdivia. Un paseo por un hermoso lugar en Panguipulli llamado Jard\u00edn Coyam, de mi amigo Crisi\u00e1n Soto. Eclipse Total del 2020 en Chile, a pesar de no tener un d\u00eda Despejado desde el Aire se pudo apreciar como en cuesti\u00f3n de segundos, se nos fue completamente la luz, y a los dos minutos volvi\u00f3. En la Nieve con los amigos, es de los tantos Videos disfrutando este espectacular Hobbie. Vibraciones es un peque\u00f1o demo tocado con el Electro HandPan, un instrumento creado por m\u00ed en homenaje a el Hang de Panart. Proyecto Centinela, una aeronave encargada de monitorear, este fue su primer vuelo de pruebas en donde fui el piloto. Volando el Jak54 Indoor, para mi uno de los mejores entrenadores para maniobras 3D. Un demo tocando mi Electro HandPan, ya en su versi\u00f3n 4.5. Test Arpa L\u00e1ser, un instrumento Midi que se toca con las manos, uno de mis \u00faltimos proyectos. En los Inicios del 2008 cuando se comenz\u00f3 a volar F.P.V. usaba un modelo llamado EasyStar, muchas horas de vuelo, y m\u00e1s de alg\u00fan chascarro como este pas\u00f3. Un Premio al Mejor Video de F.P.V. Realizado en Espa\u00f1a el 2009, el cual fue m\u00e1s votado a nivel mundial en esta \u00e1rea. Uno de los m\u00e1s hermosos vuelos en F.P.V. Volando Junto a mi Gran Amigo y Junta, Jaime Cofre, por alrededor de la pista del Club de Aeromodelismo Valdivia. Volando en Llifen realizado por el 2010, fue uno de los vuelos m\u00e1s espectaculares, realizados en F.P.V. con el Modelo EasyStar, ascendiendo a casi 1200Mts de Altura por la fuerte corrientes ascendentes del lugar, la vista es simplemente Hermosa. Que los Disfruten!!!!<\/p>\n","protected":false},"author":1,"featured_media":0,"parent":0,"menu_order":0,"comment_status":"closed","ping_status":"closed","template":"","meta":{"ngg_post_thumbnail":0,"footnotes":""},"_links":{"self":[{"href":"https:\/\/aeromodelistasdechile.cl\/jl\/index.php\/wp-json\/wp\/v2\/pages\/1377"}],"collection":[{"href":"https:\/\/aeromodelistasdechile.cl\/jl\/index.php\/wp-json\/wp\/v2\/pages"}],"about":[{"href":"https:\/\/aeromodelistasdechile.cl\/jl\/index.php\/wp-json\/wp\/v2\/types\/page"}],"author":[{"embeddable":true,"href":"https:\/\/aeromodelistasdechile.cl\/jl\/index.php\/wp-json\/wp\/v2\/users\/1"}],"replies":[{"embeddable":true,"href":"https:\/\/aeromodelistasdechile.cl\/jl\/index.php\/wp-json\/wp\/v2\/comments?post=1377"}],"version-history":[{"count":6,"href":"https:\/\/aeromodelistasdechile.cl\/jl\/index.php\/wp-json\/wp\/v2\/pages\/1377\/revisions"}],"predecessor-version":[{"id":1385,"href":"https:\/\/aeromodelistasdechile.cl\/jl\/index.php\/wp-json\/wp\/v2\/pages\/1377\/revisions\/1385"}],"wp:attachment":[{"href":"https:\/\/aeromodelistasdechile.cl\/jl\/index.php\/wp-json\/wp\/v2\/media?parent=1377"}],"curies":[{"name":"wp","href":"https:\/\/api.w.org\/{rel}","templated":true}]}}