{"id":1603,"date":"2023-03-22T01:25:53","date_gmt":"2023-03-22T01:25:53","guid":{"rendered":"https:\/\/aeromodelistasdechile.cl\/jl\/?page_id=1603"},"modified":"2026-01-27T14:26:54","modified_gmt":"2026-01-27T14:26:54","slug":"f-p-v-2012-2108","status":"publish","type":"page","link":"https:\/\/aeromodelistasdechile.cl\/jl\/index.php\/f-p-v-2012-2108\/","title":{"rendered":"F.P.V. 2012-2108"},"content":{"rendered":"\n<p>A lo largo del camino recorrido como aeromodelista, a temprana edad ya estaba equipando modelos con c\u00e1maras un transmisor de video, un equipo receptor en tierra que se conectan a una gafas de tv y as\u00ed ver lo que el avi\u00f3n observa por los aires (F.P.V. o First Person View), mover la c\u00e1mara con la cabeza, tener pilotos autom\u00e1ticos de vuelta a casa en caso de p\u00e9rdida de se\u00f1al, tener telemetr\u00eda de la informaci\u00f3n de vuelo, y una que otra cosa m\u00e1s, fueron uno de los tantos accesorios que se instalaban en las aeronaves, para as\u00ed d\u00eda a d\u00edas fueran m\u00e1s y m\u00e1s seguras en el aire. Solo 4 modelos fueron utilizados en estos menesteres, un Ala Zagi, un Trainer de ala Alta, un motovelero llamado EasyStar y un modelo llamado SkyWalker que actualmente tengo equipado. De los tres primeros modelos pueden encontrar m\u00e1s informaci\u00f3n, fotos y videos en el <strong><a href=\"https:\/\/aeromodelistasdechile.cl\/blogfpv\/\">Blog de F.P.V.<\/a><\/strong> que logre mantenerlo online, y en las siguientes fotos que ver\u00e1n a continuaci\u00f3n, podr\u00e1n ver los dos \u00faltimos modelos utilizados y adicionalmente algunas fotos a\u00e9reas, sin embargo en mi canal de <strong><a href=\"https:\/\/www.youtube.com\/@JorgeLezana_cl\">Youtube<\/a><\/strong> y <strong><a href=\"https:\/\/vimeo.com\/user958169\">Vimeo<\/a><\/strong>, podr\u00e1n encontrar vuelos con estas aeronaves.<\/p>\n\n\n\nngg_shortcode_0_placeholder\n","protected":false},"excerpt":{"rendered":"<p>A lo largo del camino recorrido como aeromodelista, a temprana edad ya estaba equipando modelos con c\u00e1maras un transmisor de video, un equipo receptor en tierra que se conectan a una gafas de tv y as\u00ed ver lo que el avi\u00f3n observa por los aires (F.P.V. o First Person View), mover la c\u00e1mara con la cabeza, tener pilotos autom\u00e1ticos de vuelta a casa en caso de p\u00e9rdida de se\u00f1al, tener telemetr\u00eda de la informaci\u00f3n de vuelo, y una que otra cosa m\u00e1s, fueron uno de los tantos accesorios que se instalaban en las aeronaves, para as\u00ed d\u00eda a d\u00edas fueran m\u00e1s y m\u00e1s seguras en el aire. Solo 4 modelos fueron utilizados en estos menesteres, un Ala Zagi, un Trainer de ala Alta, un motovelero llamado EasyStar y un modelo llamado SkyWalker que actualmente tengo equipado. De los tres primeros modelos pueden encontrar m\u00e1s informaci\u00f3n, fotos y videos en el Blog de F.P.V. que logre mantenerlo online, y en las siguientes fotos que ver\u00e1n a continuaci\u00f3n, podr\u00e1n ver los dos \u00faltimos modelos utilizados y adicionalmente algunas fotos a\u00e9reas, sin embargo en mi canal de Youtube y Vimeo, podr\u00e1n encontrar vuelos con estas aeronaves.<\/p>\n","protected":false},"author":1,"featured_media":0,"parent":0,"menu_order":0,"comment_status":"closed","ping_status":"closed","template":"","meta":{"ngg_post_thumbnail":0,"footnotes":""},"_links":{"self":[{"href":"https:\/\/aeromodelistasdechile.cl\/jl\/index.php\/wp-json\/wp\/v2\/pages\/1603"}],"collection":[{"href":"https:\/\/aeromodelistasdechile.cl\/jl\/index.php\/wp-json\/wp\/v2\/pages"}],"about":[{"href":"https:\/\/aeromodelistasdechile.cl\/jl\/index.php\/wp-json\/wp\/v2\/types\/page"}],"author":[{"embeddable":true,"href":"https:\/\/aeromodelistasdechile.cl\/jl\/index.php\/wp-json\/wp\/v2\/users\/1"}],"replies":[{"embeddable":true,"href":"https:\/\/aeromodelistasdechile.cl\/jl\/index.php\/wp-json\/wp\/v2\/comments?post=1603"}],"version-history":[{"count":8,"href":"https:\/\/aeromodelistasdechile.cl\/jl\/index.php\/wp-json\/wp\/v2\/pages\/1603\/revisions"}],"predecessor-version":[{"id":1949,"href":"https:\/\/aeromodelistasdechile.cl\/jl\/index.php\/wp-json\/wp\/v2\/pages\/1603\/revisions\/1949"}],"wp:attachment":[{"href":"https:\/\/aeromodelistasdechile.cl\/jl\/index.php\/wp-json\/wp\/v2\/media?parent=1603"}],"curies":[{"name":"wp","href":"https:\/\/api.w.org\/{rel}","templated":true}]}}