{"id":1607,"date":"2023-03-22T20:11:33","date_gmt":"2023-03-22T20:11:33","guid":{"rendered":"https:\/\/aeromodelistasdechile.cl\/jl\/?page_id=1607"},"modified":"2023-03-22T20:40:26","modified_gmt":"2023-03-22T20:40:26","slug":"aeromodelismo-2","status":"publish","type":"page","link":"https:\/\/aeromodelistasdechile.cl\/jl\/index.php\/aeromodelismo-2\/","title":{"rendered":"Aeromodelismo"},"content":{"rendered":"\n<p>Si bien part\u00ed en el Club de Aeromodelismo de Valdivia por el a\u00f1o 1997, la pasi\u00f3n por este hobby parti\u00f3 de ni\u00f1o, Son tantas fotos las que tengo que no podr\u00eda subir tantas, pero les dejar\u00e9 un peque\u00f1o extracto de algunos encuentros en todo tipo de \u00e1reas y en diferentes ciudades del Sur de Chile, como: Concepci\u00f3n, Temuco, Valdivia y Puerto Varas.<\/p>\n\n\n\nngg_shortcode_0_placeholder\n","protected":false},"excerpt":{"rendered":"<p>Si bien part\u00ed en el Club de Aeromodelismo de Valdivia por el a\u00f1o 1997, la pasi\u00f3n por este hobby parti\u00f3 de ni\u00f1o, Son tantas fotos las que tengo que no podr\u00eda subir tantas, pero les dejar\u00e9 un peque\u00f1o extracto de algunos encuentros en todo tipo de \u00e1reas y en diferentes ciudades del Sur de Chile, como: Concepci\u00f3n, Temuco, Valdivia y Puerto Varas.<\/p>\n","protected":false},"author":1,"featured_media":0,"parent":0,"menu_order":0,"comment_status":"closed","ping_status":"closed","template":"","meta":{"ngg_post_thumbnail":0,"footnotes":""},"_links":{"self":[{"href":"https:\/\/aeromodelistasdechile.cl\/jl\/index.php\/wp-json\/wp\/v2\/pages\/1607"}],"collection":[{"href":"https:\/\/aeromodelistasdechile.cl\/jl\/index.php\/wp-json\/wp\/v2\/pages"}],"about":[{"href":"https:\/\/aeromodelistasdechile.cl\/jl\/index.php\/wp-json\/wp\/v2\/types\/page"}],"author":[{"embeddable":true,"href":"https:\/\/aeromodelistasdechile.cl\/jl\/index.php\/wp-json\/wp\/v2\/users\/1"}],"replies":[{"embeddable":true,"href":"https:\/\/aeromodelistasdechile.cl\/jl\/index.php\/wp-json\/wp\/v2\/comments?post=1607"}],"version-history":[{"count":2,"href":"https:\/\/aeromodelistasdechile.cl\/jl\/index.php\/wp-json\/wp\/v2\/pages\/1607\/revisions"}],"predecessor-version":[{"id":1734,"href":"https:\/\/aeromodelistasdechile.cl\/jl\/index.php\/wp-json\/wp\/v2\/pages\/1607\/revisions\/1734"}],"wp:attachment":[{"href":"https:\/\/aeromodelistasdechile.cl\/jl\/index.php\/wp-json\/wp\/v2\/media?parent=1607"}],"curies":[{"name":"wp","href":"https:\/\/api.w.org\/{rel}","templated":true}]}}